{"id":1360,"date":"2018-07-10T09:20:28","date_gmt":"2018-07-10T09:20:28","guid":{"rendered":"http:\/\/demo.oceanthemes.net\/borrow\/?page_id=1360"},"modified":"2024-08-27T17:03:14","modified_gmt":"2024-08-27T17:03:14","slug":"fooldal","status":"publish","type":"page","link":"https:\/\/happybounce.hu\/en\/","title":{"rendered":"Home"},"content":{"rendered":"<section class=\"wpb-content-wrapper\"><section class=\"wpb_row vc_row-fluid\"><div class=\"row\"><div class=\"wpb_column vc_column_container vc_col-sm-12\"><div class=\"vc_column-inner \"><div class=\"wpb_wrapper \">    <div class=\"slider \" id=\"slider\">\n            <div class=\"student-slider-img\">\n        <img src=\"https:\/\/happybounce.hu\/wp-content\/uploads\/2020\/03\/slider2.jpg\" class=\"\" alt=\"\">\n        <div class=\"container\">\n          <div class=\"row\">\n            <div class=\"col-lg-12 col-md-12 col-sm-12 col-xs-12\">\n              <div class=\"slider-captions\">\n                <!-- slider-captions -->\n                                                              <\/div>\n              <!-- \/.slider-captions -->\n            <\/div>\n          <\/div>\n        <\/div>\n      <\/div>\n      \n            <div class=\"student-slider-img\">\n        <img src=\"https:\/\/happybounce.hu\/wp-content\/uploads\/2020\/03\/slider4-2.jpg\" class=\"\" alt=\"\">\n        <div class=\"container\">\n          <div class=\"row\">\n            <div class=\"col-lg-12 col-md-12 col-sm-12 col-xs-12\">\n              <div class=\"slider-captions\">\n                <!-- slider-captions -->\n                                                              <\/div>\n              <!-- \/.slider-captions -->\n            <\/div>\n          <\/div>\n        <\/div>\n      <\/div>\n      \n            <div class=\"student-slider-img\">\n        <img src=\"https:\/\/happybounce.hu\/wp-content\/uploads\/2020\/03\/slider3.jpg\" class=\"\" alt=\"\">\n        <div class=\"container\">\n          <div class=\"row\">\n            <div class=\"col-lg-12 col-md-12 col-sm-12 col-xs-12\">\n              <div class=\"slider-captions\">\n                <!-- slider-captions -->\n                                                              <\/div>\n              <!-- \/.slider-captions -->\n            <\/div>\n          <\/div>\n        <\/div>\n      <\/div>\n      \n            <div class=\"student-slider-img\">\n        <img src=\"https:\/\/happybounce.hu\/wp-content\/uploads\/2020\/03\/slider5.jpg\" class=\"\" alt=\"\">\n        <div class=\"container\">\n          <div class=\"row\">\n            <div class=\"col-lg-12 col-md-12 col-sm-12 col-xs-12\">\n              <div class=\"slider-captions\">\n                <!-- slider-captions -->\n                                                              <\/div>\n              <!-- \/.slider-captions -->\n            <\/div>\n          <\/div>\n        <\/div>\n      <\/div>\n      \n       \n    <\/div>\n    <script type=\"text\/javascript\">\n      (function($) {\n        $(document).on('ready', function() {\n            \"use strict\";\n              $(\"#slider\").owlCarousel({\n              navigation: true, \/\/ Show next and prev buttons\n              slideSpeed: 700,\n              paginationSpeed: 400,\n              singleItem: true,\n              pagination: true,\n                            transitionStyle : 'fade',\n                            autoPlay: 2000,\n              navigationText: [\"<i class='fa fa-angle-left'><\/i>\", \"<i class='fa fa-angle-right'><\/i>\"],\n              addClassActive: true,\n             });\n        });\n        })(jQuery);\n    <\/script>\n  <\/div><\/div><\/div><\/div><\/section><section class=\"wpb_row vc_row-fluid wpb_animate_when_almost_visible wpb_fadeInUp fadeInUp vc_custom_1584418278079 vc_row-o-content-middle vc_row-flex\"><div class=\"row\"><div class=\"wpb_column vc_column_container vc_col-sm-12\"><div class=\"vc_column-inner vc_custom_1530094401905\"><div class=\"wpb_wrapper \"><div class=\"vc_row wpb_row vc_inner vc_row-fluid vc_custom_1584418284749\"><div class=\"wpb_column vc_column_container vc_col-sm-2\"><div class=\"vc_column-inner\"><div class=\"wpb_wrapper\"><\/div><\/div><\/div><div class=\"wpb_column vc_column_container vc_col-sm-8\"><div class=\"vc_column-inner vc_custom_1584418585931\"><div class=\"wpb_wrapper\">\t\n\t<h1 class=\"\" style=\"font-size: 36px;text-align: center;color: #884488;\" > Mindannyian ezt szeretn\u00e9nk hallani a gyermekeinkt\u0151l!<\/h1>\t\n\t\n\t<h2 class=\"\" style=\"font-size: 24px;text-align: center;\" > Tegye eml\u00e9kezetess\u00e9 gyermeke sz\u00fclinapi zs\u00farj\u00e1t, a vak\u00e1ci\u00f3 h\u00e9tk\u00f6znapjait a Happy Bounce felf\u00fajhat\u00f3 ugr\u00e1l\u00f3v\u00e1raival!<\/h2>\t\n\t\n\t<p class=\"\" style=\"text-align: center;\" > Teremtsen var\u00e1zslatos hangulatot \u00c9szak-Buda \u00e9s vonz\u00e1sk\u00f6rzet\u00e9ben kiv\u00e1l\u00f3 min\u0151s\u00e9g\u0171, CE min\u0151s\u00edt\u00e9ssel rendelkez\u0151 ugr\u00e1l\u00f3v\u00e1rainkkal!<\/p>\t\n<\/div><\/div><\/div><div class=\"wpb_column vc_column_container vc_col-sm-2\"><div class=\"vc_column-inner\"><div class=\"wpb_wrapper\"><\/div><\/div><\/div><\/div><\/div><\/div><\/div><\/div><\/section><section class=\"wpb_row vc_row-fluid wpb_animate_when_almost_visible wpb_fadeInUp fadeInUp vc_custom_1584418206935 vc_row-o-content-middle vc_row-flex\"><div class=\"container\"><div class=\"row\"><div class=\"wpb_column vc_column_container vc_col-sm-4\"><div class=\"vc_column-inner vc_custom_1584418556528\"><div class=\"wpb_wrapper \">\t\n\t<h2 class=\"vc_custom_1724777961897\" style=\"font-size: 32pxpx;text-align: center;color: #884488;\" > Happy Candy<\/h2>\t\n<figure class=\"fb-image-hover image-hover-image-zoom-center imagehover-image-zoom-center\" style=\"background-color:rgba(224,37,234,0.8);--background-color:rgba(224,37,234,0.8);\">\n\t<img class=\"image-hover-img\" src=\"https:\/\/happybounce.hu\/wp-content\/uploads\/2024\/08\/KEP02535-min-scaled.jpg\" style=\"width:640px;\" \/>\n\t<figcaption class=\"image-hover-img-caption\" style=\"background-color: rgba(224,37,234,0.8);\">\n\t\t\t\t\t<h2 class=\"image-hover-figtitle\" style=\"font-size:32px;color: !important;\">Happy Candy<\/h2>\n\t\t\t\t\t\t\t\t<p class=\"image-hover-figdescription\" style=\"font-size:16px;color: !important;\">Kattintson a tov\u00e1bbi r\u00e9szletek megtekint\u00e9s\u00e9hez.<\/p>\n\t\t\t\t<\/figcaption>\n\t\t\t<a href=\"https:\/\/happybounce.hu\/happy-candy\/\"><\/a>\n\t\t<\/figure>\n<div class=\"fusion-clearfix\"><\/div>\n<\/div><\/div><\/div><div class=\"wpb_column vc_column_container vc_col-sm-4\"><div class=\"vc_column-inner \"><div class=\"wpb_wrapper \">\t\n\t<h2 class=\"vc_custom_1583284392113\" style=\"font-size: 32pxpx;text-align: center;color: #884488;\" > Happy Party<\/h2>\t\n<figure class=\"fb-image-hover image-hover-image-zoom-center imagehover-image-zoom-center\" style=\"background-color:rgba(240,74,35,0.7);--background-color:rgba(240,74,35,0.7);\">\n\t<img class=\"image-hover-img\" src=\"https:\/\/happybounce.hu\/wp-content\/uploads\/2020\/03\/happy_party_main_640.jpg\" style=\"width:640px;\" \/>\n\t<figcaption class=\"image-hover-img-caption\" style=\"background-color: rgba(240,74,35,0.7);\">\n\t\t\t\t\t<h2 class=\"image-hover-figtitle\" style=\"font-size:32px;color: !important;\">Happy Party<\/h2>\n\t\t\t\t\t\t\t\t<p class=\"image-hover-figdescription\" style=\"font-size:16px;color: !important;\">Kattintson a tov\u00e1bbi r\u00e9szletek megtekint\u00e9s\u00e9hez.<\/p>\n\t\t\t\t<\/figcaption>\n\t\t\t<a href=\"https:\/\/happybounce.hu\/happy-party\/\"><\/a>\n\t\t<\/figure>\n<div class=\"fusion-clearfix\"><\/div>\n<\/div><\/div><\/div><div class=\"wpb_column vc_column_container vc_col-sm-4\"><div class=\"vc_column-inner \"><div class=\"wpb_wrapper \">\t\n\t<h2 class=\"vc_custom_1584418387661\" style=\"font-size: 32pxpx;text-align: center;color: #884488;\" > Happy \u00d3ce\u00e1n<\/h2>\t\n<figure class=\"fb-image-hover image-hover-image-zoom-center imagehover-image-zoom-center\" style=\"background-color:rgba(30,115,190,0.7);--background-color:rgba(30,115,190,0.7);\">\n\t<img class=\"image-hover-img\" src=\"https:\/\/happybounce.hu\/wp-content\/uploads\/2020\/03\/happy_ocean_main_640.jpg\" style=\"width:640px;\" \/>\n\t<figcaption class=\"image-hover-img-caption\" style=\"background-color: rgba(30,115,190,0.7);\">\n\t\t\t\t\t<h2 class=\"image-hover-figtitle\" style=\"font-size:32px;color: !important;\">Happy \u00d3ce\u00e1n<\/h2>\n\t\t\t\t\t\t\t\t<p class=\"image-hover-figdescription\" style=\"font-size:16px;color: !important;\">Kattintson a tov\u00e1bbi r\u00e9szletek megtekint\u00e9s\u00e9hez.<\/p>\n\t\t\t\t<\/figcaption>\n\t\t\t<a href=\"https:\/\/happybounce.hu\/happy-ocean\/\"><\/a>\n\t\t<\/figure>\n<div class=\"fusion-clearfix\"><\/div>\n<\/div><\/div><\/div><\/div><\/div><\/section><section class=\"wpb_row vc_row-fluid wpb_animate_when_almost_visible wpb_fadeInUp fadeInUp vc_custom_1584418206935 vc_row-o-content-middle vc_row-flex\"><div class=\"container\"><div class=\"row\"><div class=\"wpb_column vc_column_container vc_col-sm-4\"><div class=\"vc_column-inner \"><div class=\"wpb_wrapper \">\t\n\t<h2 class=\"\" style=\"font-size: 32pxpx;text-align: center;color: #884488;\" > Happy T\u0171zolt\u00f3<\/h2>\t\n<figure class=\"fb-image-hover image-hover-image-zoom-center imagehover-image-zoom-center\" style=\"background-color:rgba(143,32,247,0.72);--background-color:rgba(143,32,247,0.72);\">\n\t<img class=\"image-hover-img\" src=\"https:\/\/happybounce.hu\/wp-content\/uploads\/2023\/01\/L-Firetruck-3.jpg\" style=\"width:640px;\" \/>\n\t<figcaption class=\"image-hover-img-caption\" style=\"background-color: rgba(143,32,247,0.72);\">\n\t\t\t\t\t<h3 class=\"image-hover-figtitle\" style=\"font-size:32px;color: !important;\">Happy T\u0171zolt\u00f3<\/h3>\n\t\t\t\t\t\t\t\t<p class=\"image-hover-figdescription\" style=\"font-size:16px;color: !important;\">Kattintson a tov\u00e1bbi r\u00e9szletek megtekint\u00e9s\u00e9hez<\/p>\n\t\t\t\t<\/figcaption>\n\t\t\t<a href=\"https:\/\/happybounce.hu\/happy-tuzolto\/\"><\/a>\n\t\t<\/figure>\n<div class=\"fusion-clearfix\"><\/div>\n<\/div><\/div><\/div><div class=\"wpb_column vc_column_container vc_col-sm-4\"><div class=\"vc_column-inner vc_custom_1674722323628\"><div class=\"wpb_wrapper \">\t\n\t<h2 class=\"vc_custom_1583284420737\" style=\"font-size: 32pxpx;text-align: center;color: #884488;\" > Happy Dzsungel<\/h2>\t\n<figure class=\"fb-image-hover image-hover-image-zoom-center imagehover-image-zoom-center\" style=\"background-color:rgba(0,198,0,0.7);--background-color:rgba(0,198,0,0.7);\">\n\t<img class=\"image-hover-img\" src=\"https:\/\/happybounce.hu\/wp-content\/uploads\/2020\/03\/happy_jungle_main_640.jpg\" style=\"width:640px;\" \/>\n\t<figcaption class=\"image-hover-img-caption\" style=\"background-color: rgba(0,198,0,0.7);\">\n\t\t\t\t\t<h2 class=\"image-hover-figtitle\" style=\"font-size:32px;color: !important;\">Happy Dzsungel<\/h2>\n\t\t\t\t\t\t\t\t<p class=\"image-hover-figdescription\" style=\"font-size:16px;color: !important;\">Kattintson a tov\u00e1bbi r\u00e9szletek megtekint\u00e9s\u00e9hez.<\/p>\n\t\t\t\t<\/figcaption>\n\t\t\t<a href=\"https:\/\/happybounce.hu\/happy-dzsungel\/\"><\/a>\n\t\t<\/figure>\n<div class=\"fusion-clearfix\"><\/div>\n<\/div><\/div><\/div><div class=\"wpb_column vc_column_container vc_col-sm-4\"><div class=\"vc_column-inner vc_custom_1674722315854\"><div class=\"wpb_wrapper \">\t\n\t<h2 class=\"vc_custom_1583284400977\" style=\"font-size: 32pxpx;text-align: center;color: #884488;\" > Happy Oroszl\u00e1n<\/h2>\t\n<figure class=\"fb-image-hover image-hover-image-zoom-center imagehover-image-zoom-center\" style=\"background-color:rgba(238,238,34,0.7);--background-color:rgba(238,238,34,0.7);\">\n\t<img class=\"image-hover-img\" src=\"https:\/\/happybounce.hu\/wp-content\/uploads\/2020\/03\/happy_lion_main_640.jpg\" style=\"width:640px;\" \/>\n\t<figcaption class=\"image-hover-img-caption\" style=\"background-color: rgba(238,238,34,0.7);\">\n\t\t\t\t\t<h2 class=\"image-hover-figtitle\" style=\"font-size:32px;color:#000000 !important;\">Happy Oroszl\u00e1n<\/h2>\n\t\t\t\t\t\t\t\t<p class=\"image-hover-figdescription\" style=\"font-size:16px;color:#000000 !important;\">Kattintson a tov\u00e1bbi r\u00e9szletek megtekint\u00e9s\u00e9hez.<\/p>\n\t\t\t\t<\/figcaption>\n\t\t\t<a href=\"https:\/\/happybounce.hu\/happy-oroszlan\/\"><\/a>\n\t\t<\/figure>\n<div class=\"fusion-clearfix\"><\/div>\n<\/div><\/div><\/div><\/div><\/div><\/section><section class=\"wpb_row vc_row-fluid wpb_animate_when_almost_visible wpb_fadeInUp fadeInUp vc_custom_1584418206935 vc_row-o-content-middle vc_row-flex\"><div class=\"container\"><div class=\"row\"><div class=\"wpb_column vc_column_container vc_col-sm-4\"><div class=\"vc_column-inner \"><div class=\"wpb_wrapper \">\t\n\t<h2 class=\"vc_custom_1709470888964\" style=\"font-size: 32pxpx;text-align: center;color: #884488;\" > Fluffy Hawaii<\/h2>\t\n<figure class=\"fb-image-hover image-hover-image-zoom-center imagehover-image-zoom-center\" style=\"background-color:rgba(15,221,156,0.72);--background-color:rgba(15,221,156,0.72);\">\n\t<img class=\"image-hover-img\" src=\"https:\/\/happybounce.hu\/wp-content\/uploads\/2023\/06\/R-6.jpg\" style=\"width:640px;\" \/>\n\t<figcaption class=\"image-hover-img-caption\" style=\"background-color: rgba(15,221,156,0.72);\">\n\t\t\t\t\t<h2 class=\"image-hover-figtitle\" style=\"font-size:32px;color: !important;\">Fluffy Hawaii<\/h2>\n\t\t\t\t\t\t\t\t<p class=\"image-hover-figdescription\" style=\"font-size:16px;color: !important;\">Kattintson a tov\u00e1bbi r\u00e9szletek megtekint\u00e9s\u00e9hez.<\/p>\n\t\t\t\t<\/figcaption>\n\t\t\t<a href=\"https:\/\/happybounce.hu\/fluffy-hawaii\/\"><\/a>\n\t\t<\/figure>\n<div class=\"fusion-clearfix\"><\/div>\n<\/div><\/div><\/div><\/div><\/div><\/section>\n<\/section>","protected":false},"excerpt":{"rendered":"Mindannyian ezt szeretn\u00e9nk hallani a gyermekeinkt\u0151l! Tegye eml\u00e9kezetess\u00e9 gyermeke sz\u00fclinapi zs\u00farj\u00e1t, a vak\u00e1ci\u00f3 h\u00e9tk\u00f6znapjait a Happy Bounce felf\u00fajhat\u00f3 ugr\u00e1l\u00f3v\u00e1raival! Teremtsen var\u00e1zslatos hangulatot \u00c9szak-Buda \u00e9s vonz\u00e1sk\u00f6rzet\u00e9ben kiv\u00e1l\u00f3 min\u0151s\u00e9g\u0171, CE min\u0151s\u00edt\u00e9ssel rendelkez\u0151 ugr\u00e1l\u00f3v\u00e1rainkkal! Happy Candy Happy Candy Kattintson a tov\u00e1bbi r\u00e9szletek megtekint\u00e9s\u00e9hez. Happy Party Happy Party Kattintson a tov\u00e1bbi r\u00e9szletek megtekint\u00e9s\u00e9hez. Happy \u00d3ce\u00e1n Happy \u00d3ce\u00e1n Kattintson a [...]","protected":false},"author":1,"featured_media":0,"parent":0,"menu_order":0,"comment_status":"closed","ping_status":"closed","template":"page-templates\/template-canvas.php","meta":[],"_links":{"self":[{"href":"https:\/\/happybounce.hu\/en\/wp-json\/wp\/v2\/pages\/1360"}],"collection":[{"href":"https:\/\/happybounce.hu\/en\/wp-json\/wp\/v2\/pages"}],"about":[{"href":"https:\/\/happybounce.hu\/en\/wp-json\/wp\/v2\/types\/page"}],"author":[{"embeddable":true,"href":"https:\/\/happybounce.hu\/en\/wp-json\/wp\/v2\/users\/1"}],"replies":[{"embeddable":true,"href":"https:\/\/happybounce.hu\/en\/wp-json\/wp\/v2\/comments?post=1360"}],"version-history":[{"count":100,"href":"https:\/\/happybounce.hu\/en\/wp-json\/wp\/v2\/pages\/1360\/revisions"}],"predecessor-version":[{"id":2211,"href":"https:\/\/happybounce.hu\/en\/wp-json\/wp\/v2\/pages\/1360\/revisions\/2211"}],"wp:attachment":[{"href":"https:\/\/happybounce.hu\/en\/wp-json\/wp\/v2\/media?parent=1360"}],"curies":[{"name":"wp","href":"https:\/\/api.w.org\/{rel}","templated":true}]}}