{"id":2110,"date":"2024-03-03T15:28:59","date_gmt":"2024-03-03T15:28:59","guid":{"rendered":"https:\/\/happybounce.hu\/?page_id=2110"},"modified":"2026-02-09T08:48:41","modified_gmt":"2026-02-09T08:48:41","slug":"fluffy-hawaii","status":"publish","type":"page","link":"https:\/\/happybounce.hu\/en\/fluffy-hawaii\/","title":{"rendered":"Fluffy Hawaii"},"content":{"rendered":"<section class=\"wpb-content-wrapper\"><section class=\"wpb_row vc_row-fluid\"><div class=\"row\"><div class=\"wpb_column vc_column_container vc_col-sm-12\"><div class=\"vc_column-inner \"><div class=\"wpb_wrapper \">    <div class=\"slider slider-second\" id=\"slider\">\n            <div class=\"slider-img\">\n        <img src=\"https:\/\/happybounce.hu\/wp-content\/uploads\/2024\/03\/R-8-header.jpg\" class=\"\" alt=\"\">\n        <div class=\"container\">\n          <div class=\"row\">\n            <div class=\"col-lg-12 col-md-12 col-sm-12 col-xs-12\">\n              <div class=\"slider-captions\">\n                <!-- slider-captions -->\n                                                              <\/div>\n              <!-- \/.slider-captions -->\n            <\/div>\n          <\/div>\n        <\/div>\n      <\/div>\n      \n       \n    <\/div>\n    <script type=\"text\/javascript\">\n      (function($) {\n        $(document).on('ready', function() {\n            \"use strict\";\n              $(\"#slider\").owlCarousel({\n              navigation: true, \/\/ Show next and prev buttons\n              slideSpeed: 3000,\n              paginationSpeed: 400,\n              singleItem: true,\n              pagination: true,\n                            autoPlay: false,\n              navigationText: [\"<i class='fa fa-angle-left'><\/i>\", \"<i class='fa fa-angle-right'><\/i>\"],\n              addClassActive: true,\n             });\n        });\n        })(jQuery);\n    <\/script>\n  <\/div><\/div><\/div><\/div><\/section><section class=\"wpb_row vc_row-fluid vc_custom_1583607518251\"><div class=\"container\"><div class=\"row\"><div class=\"wpb_column vc_column_container vc_col-sm-12\"><div class=\"vc_column-inner \"><div class=\"wpb_wrapper \" style=\"background-color: #ffffff \" ><div class=\"wrapper-content pinside40 \">\t\n\t<h1 class=\"vc_custom_1709458939447\" style=\"font-size: 32px;text-align: center;color: #884488;\" > Fluffy Hawaii<\/h1>\t\n<div class=\"vc_row wpb_row vc_inner vc_row-fluid vc_custom_1583608983214\"><div class=\"wpb_column vc_column_container vc_col-sm-2\"><div class=\"vc_column-inner\"><div class=\"wpb_wrapper\"><\/div><\/div><\/div><div class=\"wpb_column vc_column_container vc_col-sm-8\"><div class=\"vc_column-inner\"><div class=\"wpb_wrapper\">\n\t<div class=\"wpb_text_column wpb_content_element  vc_custom_1742573470568\" >\n\t\t<div class=\"wpb_wrapper\">\n\t\t\t<p>Az idei \u00e9v \u00fajdons\u00e1ga remek csal\u00e1di m\u00f3k\u00e1ra ad lehet\u0151s\u00e9get a ny\u00e1ron. <strong>A Fluffy Hawaii habparty, ember magass\u00e1g\u00fa habot biztos\u00edt<\/strong> a felf\u00fajt keretek k\u00f6z\u00f6tt, a habk\u00e9pz\u0151 anyag b\u0151rbar\u00e1t \u00e9s a k\u00f6rnyezetre nem k\u00e1ros. A szokv\u00e1nyos ugr\u00e1l\u00f3v\u00e1rakhoz k\u00e9pest haszn\u00e1lata elt\u00e9r\u0151, ez\u00e9rt k\u00e9rj\u00fck figyelmesen olvassa el a tudnival\u00f3kat al\u00e1bb.<\/p>\n<p><strong>Felf\u00fajt m\u00e9ret:<\/strong> 4<span style=\"font-weight: 400;\"> x 4,5 x 2,9 m\u00e9ter (sz\u00e9less\u00e9g x m\u00e9lys\u00e9g x magass\u00e1g)<\/span><\/p>\n<p><strong>Sz\u00e1ll\u00edt\u00e1si m\u00e9ret:<\/strong> \u00d8 70 cm, hossz: 65 cm<\/p>\n<p><strong>Sz\u00e1ll\u00edt\u00e1si s\u00faly:<\/strong> 45 kg<\/p>\n<p><strong>J\u00e1t\u00e9kosok sz\u00e1ma:<\/strong> <span style=\"font-weight: 400;\">maximum 10 f\u0151<\/span><\/p>\n<p><strong>B\u00e9rleti d\u00edj:<br \/>\n<\/strong><a class='qlabs_tooltip_top qlabs_tooltip_style_39 cursor_pointer event_hover' style=''  aria-haspopup='true'> 43.000 Ft \/ nap* + z\u00f3n\u00e1nak megfelel\u0151 sz\u00e1ll\u00edt\u00e1si d\u00edj<span style='width: 250px; '  >\u00c1ltal\u00e1ban a kisz\u00e1ll\u00edt\u00e1s: 8:00-9:00, a visszasz\u00e1ll\u00edt\u00e1s: 19:00-20:00 k\u00f6z\u00f6tt t\u00f6rt\u00e9nik, el\u0151zetes szem\u00e9lyes egyeztet\u00e9ssel<\/span><\/a><\/p>\n<p><span style=\"color: #ff0000;\"><strong>A habparty j\u00e1t\u00e9kkal kapcsolatos tudnival\u00f3k:<\/strong><\/span><\/p>\n<ol>\n<li>* A b\u00e9rleti d\u00edj 4&#215;330 ml habk\u00e9pz\u0151 folyad\u00e9kot tartalmaz, mely &#8211; id\u0151j\u00e1r\u00e1si viszonyokt\u00f3l f\u00fcgg\u0151en &#8211; hozz\u00e1vet\u0151legesen 5-6 \u00f3ra j\u00e1t\u00e9kot tesz lehet\u0151v\u00e9. Tov\u00e1bbi adagok felhaszn\u00e1l\u00e1sa eset\u00e9n 1.200 Ft \/ 330ml d\u00edjat sz\u00e1m\u00edtunk fel.<\/li>\n<li>Mivel nagy mennyis\u00e9g\u0171 vizet fog haszn\u00e1lni a j\u00e1t\u00e9k sor\u00e1n, ez\u00e9rt gondosan v\u00e1lassza ki a telep\u00edt\u00e9si helysz\u00ednt. Alkalmas t\u00e9rk\u00f6vezett vagy egy\u00e9b szil\u00e1rd burkolat\u00fa fel\u00fcleten, illetve f\u00fcves ter\u00fcleten t\u00f6rt\u00e9n\u0151 haszn\u00e1latra.<\/li>\n<li>Szigor\u00faan tilos az \u00e1ltalunk biztos\u00edtott habk\u00e9pz\u0151 anyagokon k\u00edv\u00fcl m\u00e1s anyagok (tusf\u00fcrd\u0151, habf\u00fcrd\u0151, h\u00e1zi kever\u00e9kek) haszn\u00e1lata!<\/li>\n<li>A j\u00e1t\u00e9k sor\u00e1n rendk\u00edv\u00fcl cs\u00fasz\u00f3ss\u00e1 v\u00e1lik a ter\u00fclet illetve a j\u00e1t\u00e9k, fokozott fel\u00fcgyeletet k\u00edv\u00e1n.<\/li>\n<\/ol>\n<p>Tov\u00e1bbi k\u00e9rd\u00e9sekkel forduljon hozz\u00e1nk a 06 20 20 86 936 sz\u00e1mon.<\/p>\n<p>&nbsp;<\/p>\n<p><strong>H\u00e1zhoz sz\u00e1ll\u00edt\u00e1s \u00e9s vissza sz\u00e1ll\u00edt\u00e1s:<\/strong><\/p>\n<p><a class='qlabs_tooltip_top qlabs_tooltip_style_39 cursor_pointer event_hover' style=''  aria-haspopup='true'>I. z\u00f3na 5.000 Ft <span style='width: 250px; '  >I. z\u00f3na: 2096, 2097 irsz. + Bp. III ker\u00fclet, d\u00edj: 5.000 Ft<\/span><\/a><br \/>\n<a class='qlabs_tooltip_top qlabs_tooltip_style_39 cursor_pointer event_hover' style=''  aria-haspopup='true'>II. z\u00f3na 8.000 Ft <span style='width: 250px; '  >II. z\u00f3na: Pilisv\u00f6r\u00f6sv\u00e1ri-, Szentendrei- \u00e9s Dunakeszi J\u00e1r\u00e1s + Bp. IV, XIII, II, XII, XIV, XV ker\u00fclet, d\u00edj: 8.000 Ft<\/span><\/a><br \/>\n<a class='qlabs_tooltip_top qlabs_tooltip_style_39 cursor_pointer event_hover' style=''  aria-haspopup='true'>III. z\u00f3na 10.000 Ft <span style='width: 250px; '  >III. z\u00f3na: V\u00e1ci-, G\u00f6d\u00f6ll\u0151i-, Vecs\u00e9si-, Budakeszi J\u00e1r\u00e1s + Bp. XI, XXII, IX, X, XVI, XVII ker\u00fclet, d\u00edj: 10.000 Ft<\/span><\/a><\/p>\n<a class='qlabs_tooltip_top qlabs_tooltip_style_46 cursor_pointer event_hover' style=''  aria-haspopup='true'>Egy\u00e9b ter\u00fclet k\u00e9rj\u00fck h\u00edvjon minket!<span style='width: 250px; '  >Minden egy\u00e9b: egyedi aj\u00e1nlat. K\u00e9rj\u00fck h\u00edvjon minket, tel: +36 20 208 6936<\/span><\/a>\n\n\t\t<\/div>\n\t<\/div>\n    <div class=\"row\">\n                        \n        <div class=\"col-md-4 col-sm-6 col-xs-12\">\n            <div class=\"gallery-block text-center mb30\">\n                <div class=\"gallery-img mb30\">\n                    <a href=\"https:\/\/happybounce.hu\/wp-content\/uploads\/2023\/06\/R-2.jpg\" class=\"image-link\"><img src=\"https:\/\/happybounce.hu\/wp-content\/uploads\/2023\/06\/R-2.jpg\" class=\"img-responsive\" alt=\"\"><\/a>\n                <\/div>\n            <\/div>\n        <\/div>\n                        \n        <div class=\"col-md-4 col-sm-6 col-xs-12\">\n            <div class=\"gallery-block text-center mb30\">\n                <div class=\"gallery-img mb30\">\n                    <a href=\"https:\/\/happybounce.hu\/wp-content\/uploads\/2023\/06\/R-7.jpg\" class=\"image-link\"><img src=\"https:\/\/happybounce.hu\/wp-content\/uploads\/2023\/06\/R-7.jpg\" class=\"img-responsive\" alt=\"\"><\/a>\n                <\/div>\n            <\/div>\n        <\/div>\n                        \n        <div class=\"col-md-4 col-sm-6 col-xs-12\">\n            <div class=\"gallery-block text-center mb30\">\n                <div class=\"gallery-img mb30\">\n                    <a href=\"https:\/\/happybounce.hu\/wp-content\/uploads\/2023\/06\/R-8.jpg\" class=\"image-link\"><img src=\"https:\/\/happybounce.hu\/wp-content\/uploads\/2023\/06\/R-8.jpg\" class=\"img-responsive\" alt=\"\"><\/a>\n                <\/div>\n            <\/div>\n        <\/div>\n                        \n        <div class=\"col-md-4 col-sm-6 col-xs-12\">\n            <div class=\"gallery-block text-center mb30\">\n                <div class=\"gallery-img mb30\">\n                    <a href=\"https:\/\/happybounce.hu\/wp-content\/uploads\/2023\/06\/R-9.jpg\" class=\"image-link\"><img src=\"https:\/\/happybounce.hu\/wp-content\/uploads\/2023\/06\/R-9.jpg\" class=\"img-responsive\" alt=\"\"><\/a>\n                <\/div>\n            <\/div>\n        <\/div>\n                        \n        <div class=\"col-md-4 col-sm-6 col-xs-12\">\n            <div class=\"gallery-block text-center mb30\">\n                <div class=\"gallery-img mb30\">\n                    <a href=\"https:\/\/happybounce.hu\/wp-content\/uploads\/2023\/06\/R-3.jpg\" class=\"image-link\"><img src=\"https:\/\/happybounce.hu\/wp-content\/uploads\/2023\/06\/R-3.jpg\" class=\"img-responsive\" alt=\"\"><\/a>\n                <\/div>\n            <\/div>\n        <\/div>\n                        \n        <div class=\"col-md-4 col-sm-6 col-xs-12\">\n            <div class=\"gallery-block text-center mb30\">\n                <div class=\"gallery-img mb30\">\n                    <a href=\"https:\/\/happybounce.hu\/wp-content\/uploads\/2024\/03\/IMG_20230715_154656.jpg\" class=\"image-link\"><img src=\"https:\/\/happybounce.hu\/wp-content\/uploads\/2024\/03\/IMG_20230715_154656.jpg\" class=\"img-responsive\" alt=\"\"><\/a>\n                <\/div>\n            <\/div>\n        <\/div>\n                        \n        <div class=\"col-md-4 col-sm-6 col-xs-12\">\n            <div class=\"gallery-block text-center mb30\">\n                <div class=\"gallery-img mb30\">\n                    <a href=\"https:\/\/happybounce.hu\/wp-content\/uploads\/2024\/03\/IMG_20230826_094150.jpg\" class=\"image-link\"><img src=\"https:\/\/happybounce.hu\/wp-content\/uploads\/2024\/03\/IMG_20230826_094150.jpg\" class=\"img-responsive\" alt=\"\"><\/a>\n                <\/div>\n            <\/div>\n        <\/div>\n                        \n        <div class=\"col-md-4 col-sm-6 col-xs-12\">\n            <div class=\"gallery-block text-center mb30\">\n                <div class=\"gallery-img mb30\">\n                    <a href=\"https:\/\/happybounce.hu\/wp-content\/uploads\/2024\/03\/IMG_20230715_154507.jpg\" class=\"image-link\"><img src=\"https:\/\/happybounce.hu\/wp-content\/uploads\/2024\/03\/IMG_20230715_154507.jpg\" class=\"img-responsive\" alt=\"\"><\/a>\n                <\/div>\n            <\/div>\n        <\/div>\n          <\/div>\n<\/div><\/div><\/div><div class=\"wpb_column vc_column_container vc_col-sm-2\"><div class=\"vc_column-inner\"><div class=\"wpb_wrapper\"><\/div><\/div><\/div><\/div><div class=\"vc_row wpb_row vc_inner vc_row-fluid\"><div class=\"wpb_column vc_column_container vc_col-sm-2\"><div class=\"vc_column-inner\"><div class=\"wpb_wrapper\"><\/div><\/div><\/div><div class=\"wpb_column vc_column_container vc_col-sm-8\"><div class=\"vc_column-inner\"><div class=\"wpb_wrapper\">\t\n\t<h2 class=\"vc_custom_1584234282684\" style=\"font-size: 28px;text-align: center;color: #884488;\" > Adja le megrendel\u00e9s\u00e9t k\u00f6nnyed\u00e9n \u00e9s egyszer\u0171en:<\/h2>\t\n\n<div class=\"wpcf7 no-js\" id=\"wpcf7-f2093-o1\" lang=\"hu-HU\" dir=\"ltr\">\n<div class=\"screen-reader-response\"><p role=\"status\" aria-live=\"polite\" aria-atomic=\"true\"><\/p> <ul><\/ul><\/div>\n<form action=\"\/en\/wp-json\/wp\/v2\/pages\/2110#wpcf7-f2093-o1\" method=\"post\" class=\"wpcf7-form init\" aria-label=\"Kapcsolatfelv\u00e9teli \u0171rlap\" novalidate=\"novalidate\" data-status=\"init\">\n<div style=\"display: none;\">\n<input type=\"hidden\" name=\"_wpcf7\" value=\"2093\" \/>\n<input type=\"hidden\" name=\"_wpcf7_version\" value=\"5.7.7\" \/>\n<input type=\"hidden\" name=\"_wpcf7_locale\" value=\"hu_HU\" \/>\n<input type=\"hidden\" name=\"_wpcf7_unit_tag\" value=\"wpcf7-f2093-o1\" \/>\n<input type=\"hidden\" name=\"_wpcf7_container_post\" value=\"0\" \/>\n<input type=\"hidden\" name=\"_wpcf7_posted_data_hash\" value=\"\" \/>\n<input type=\"hidden\" name=\"_wpcf7_recaptcha_response\" value=\"\" \/>\n<\/div>\n<div class=\"row\">\n\t<div class=\"col-md-4 col-sm-12 col-xs-12\">\n\t\t<div class=\"form-group\">\n\t\t\t<p><label class=\"sr-only control-label\" for=\"your-name\">Teljes n\u00e9v<\/label><br \/>\n<span class=\"wpcf7-form-control-wrap\" data-name=\"your-name\"><input size=\"40\" class=\"wpcf7-form-control wpcf7-text wpcf7-validates-as-required form-control\" id=\"name\" aria-required=\"true\" aria-invalid=\"false\" placeholder=\"Teljes n\u00e9v\" value=\"\" type=\"text\" name=\"your-name\" \/><\/span>\n\t\t\t<\/p>\n\t\t<\/div>\n\t<\/div>\n\t<div class=\"col-md-4 col-sm-12 col-xs-12\">\n\t\t<div class=\"form-group\">\n\t\t\t<p><label class=\"sr-only control-label\" for=\"email\">Email c\u00edm<\/label><br \/>\n<span class=\"wpcf7-form-control-wrap\" data-name=\"email\"><input size=\"40\" class=\"wpcf7-form-control wpcf7-text wpcf7-email wpcf7-validates-as-required wpcf7-validates-as-email form-control\" id=\"email\" aria-required=\"true\" aria-invalid=\"false\" placeholder=\"Email c\u00edm\" value=\"\" type=\"email\" name=\"email\" \/><\/span>\n\t\t\t<\/p>\n\t\t<\/div>\n\t<\/div>\n\t<div class=\"col-md-4 col-sm-12 col-xs-12\">\n\t\t<div class=\"form-group\">\n\t\t\t<p><label class=\"sr-only control-label\" for=\"phone\">Telefonsz\u00e1m<\/label><br \/>\n<span class=\"wpcf7-form-control-wrap\" data-name=\"phone\"><input size=\"40\" class=\"wpcf7-form-control wpcf7-text wpcf7-validates-as-required form-control\" id=\"phone\" aria-required=\"true\" aria-invalid=\"false\" placeholder=\"Telefonsz\u00e1m\" value=\"\" type=\"text\" name=\"phone\" \/><\/span>\n\t\t\t<\/p>\n\t\t<\/div>\n\t<\/div>\n\t<div class=\"col-md-2 col-sm-12 col-xs-12\">\n\t\t<div class=\"form-group\">\n\t\t\t<p><label class=\"sr-only control-label\" for=\"zipcode\">Ir\u00e1ny\u00edt\u00f3sz\u00e1m<\/label><br \/>\n<span class=\"wpcf7-form-control-wrap\" data-name=\"zipcode\"><input size=\"40\" class=\"wpcf7-form-control wpcf7-text wpcf7-validates-as-required form-control input-md\" id=\"zipcode\" aria-required=\"true\" aria-invalid=\"false\" placeholder=\"Ir\u00e1ny\u00edt\u00f3sz\u00e1m\" value=\"\" type=\"text\" name=\"zipcode\" \/><\/span>\n\t\t\t<\/p>\n\t\t<\/div>\n\t<\/div>\n\t<div class=\"col-md-3 col-sm-12 col-xs-12\">\n\t\t<div class=\"form-group\">\n\t\t\t<p><label class=\"sr-only control-label\" for=\"city\">Telep\u00fcl\u00e9s<\/label><br \/>\n<span class=\"wpcf7-form-control-wrap\" data-name=\"city\"><input size=\"40\" class=\"wpcf7-form-control wpcf7-text wpcf7-validates-as-required form-control input-md\" id=\"city\" aria-required=\"true\" aria-invalid=\"false\" placeholder=\"Telep\u00fcl\u00e9s\" value=\"\" type=\"text\" name=\"city\" \/><\/span>\n\t\t\t<\/p>\n\t\t<\/div>\n\t<\/div>\n\t<div class=\"col-md-5 col-sm-12 col-xs-12\">\n\t\t<div class=\"form-group\">\n\t\t\t<p><label class=\"sr-only control-label\" for=\"street\">K\u00f6zter\u00fclet<\/label><br \/>\n<span class=\"wpcf7-form-control-wrap\" data-name=\"street\"><input size=\"40\" class=\"wpcf7-form-control wpcf7-text wpcf7-validates-as-required form-control input-md\" id=\"street\" aria-required=\"true\" aria-invalid=\"false\" placeholder=\"K\u00f6zter\u00fclet\" value=\"\" type=\"text\" name=\"street\" \/><\/span>\n\t\t\t<\/p>\n\t\t<\/div>\n\t<\/div>\n\t<div class=\"col-md-2 col-sm-12 col-xs-12\">\n\t\t<div class=\"form-group\">\n\t\t\t<p><label class=\"sr-only control-label\" for=\"building\">H\u00e1zsz\u00e1m<\/label><br \/>\n<span class=\"wpcf7-form-control-wrap\" data-name=\"building\"><input size=\"40\" class=\"wpcf7-form-control wpcf7-text wpcf7-validates-as-required form-control input-md\" id=\"building\" aria-required=\"true\" aria-invalid=\"false\" placeholder=\"H\u00e1zsz\u00e1m\" value=\"\" type=\"text\" name=\"building\" \/><\/span>\n\t\t\t<\/p>\n\t\t<\/div>\n\t<\/div>\n\t<div class=\"col-md-12 col-xs-12\">\n\t\t<div class=\"form-group\">\n\t\t\t<p><span class=\"wpcf7-form-control-wrap\" data-name=\"hazhoz\"><span class=\"wpcf7-form-control wpcf7-checkbox margintop20\" id=\"hazhozszallitas\"><span class=\"wpcf7-list-item first last\"><input type=\"checkbox\" name=\"hazhoz[]\" value=\"Hosszabb\u00edt\u00f3t b\u00e9reln\u00e9k (2000 Ft\/alkalom)\" \/><span class=\"wpcf7-list-item-label\">Hosszabb\u00edt\u00f3t b\u00e9reln\u00e9k (2000 Ft\/alkalom)<\/span><\/span><\/span><\/span>\n\t\t\t<\/p>\n\t\t<\/div>\n\t<\/div>\n\t<div class=\"form-group\">\n\t<\/div>\n\t<div class=\"col-md-6 col-sm-12 col-xs-12\">\n\t\t<div class=\"form-group\">\n\t\t\t<p>B\u00e9rl\u00e9s kezdete: <span class=\"wpcf7-form-control-wrap\" data-name=\"foglalas-start\"><input class=\"wpcf7-form-control wpcf7-date wpcf7-validates-as-required wpcf7-validates-as-date form-control\" id=\"datum-start\" aria-required=\"true\" aria-invalid=\"false\" placeholder=\"D\u00e1tum megad\u00e1sa\" value=\"\" type=\"date\" name=\"foglalas-start\" \/><\/span>\n\t\t\t<\/p>\n\t\t<\/div>\n\t<\/div>\n\t<div class=\"col-md-6 col-sm-12 col-xs-12\">\n\t\t<div class=\"form-group\">\n\t\t\t<p>B\u00e9rl\u00e9s v\u00e9ge: <span class=\"wpcf7-form-control-wrap\" data-name=\"foglalas-end\"><input class=\"wpcf7-form-control wpcf7-date wpcf7-validates-as-required wpcf7-validates-as-date form-control\" id=\"datum-end\" aria-required=\"true\" aria-invalid=\"false\" placeholder=\"D\u00e1tum megad\u00e1sa\" value=\"\" type=\"date\" name=\"foglalas-end\" \/><\/span>\n\t\t\t<\/p>\n\t\t<\/div>\n\t<\/div>\n\t<div class=\"col-md-12 col-sm-12 col-xs-12\">\n\t\t<div class=\"form-group\">\n\t\t<\/div>\n\t<\/div>\n\t<div class=\"col-md-12 col-xs-12\">\n\t\t<div class=\"form-group\">\n\t\t\t<p><span class=\"wpcf7-form-control-wrap\" data-name=\"acceptance-441\"><span class=\"wpcf7-form-control wpcf7-acceptance\"><span class=\"wpcf7-list-item\"><label><input type=\"checkbox\" name=\"acceptance-441\" value=\"1\" id=\"adatkezelesi\" aria-invalid=\"false\" \/><span class=\"wpcf7-list-item-label\">Elfogadom az<\/span><\/label><\/span><\/span><\/span><a href=\"https:\/\/happybounce.hu\/wp-content\/uploads\/2020\/03\/happybounce_adatkezelesi_tajekoztato.pdf\" target=\"_blank\">Adatkezel\u00e9si t\u00e1j\u00e9koztat\u00f3t<\/a>\n\t\t\t<\/p>\n\t\t<\/div>\n\t<\/div>\n\t<div class=\"col-md-12 col-xs-12\">\n\t\t<p><input class=\"wpcf7-form-control has-spinner wpcf7-submit btn btn-default\" type=\"submit\" value=\"K\u00fcld\u00e9s\" \/>\n\t\t<\/p>\n\t<\/div>\n<\/div><div class=\"wpcf7-response-output\" aria-hidden=\"true\"><\/div>\n<\/form>\n<\/div>\n<\/div><\/div><\/div><div class=\"wpb_column vc_column_container vc_col-sm-2\"><div class=\"vc_column-inner\"><div class=\"wpb_wrapper\"><\/div><\/div><\/div><\/div>\t\n\t<h2 class=\"vc_custom_1584233691653\" style=\"font-size: 28px;text-align: center;color: #884488;\" > Megn\u00e9zi a t\u00f6bbi j\u00e1t\u00e9kot is?<\/h2>\t\n<div class=\"vc_row wpb_row vc_inner vc_row-fluid\"><div class=\"wpb_column vc_column_container vc_col-sm-4\"><div class=\"vc_column-inner\"><div class=\"wpb_wrapper\"><figure class=\"fb-image-hover image-hover-image-zoom-center imagehover-image-zoom-center\" style=\"background-color:rgba(238,238,34,0.71);--background-color:rgba(238,238,34,0.71);\">\n\t<img class=\"image-hover-img\" src=\"https:\/\/happybounce.hu\/wp-content\/uploads\/2020\/03\/happy_lion_main_640.jpg\" style=\"width:640px;\" \/>\n\t<figcaption class=\"image-hover-img-caption\" style=\"background-color: rgba(238,238,34,0.71);\">\n\t\t\t\t\t<h3 class=\"image-hover-figtitle\" style=\"font-size:20px;color:#000000 !important;\">Happy Oroszl\u00e1n<\/h3>\n\t\t\t\t\t\t\t\t<p class=\"image-hover-figdescription\" style=\"font-size:12px;color:#000000 !important;\">N\u00e9zze meg ezt a j\u00e1t\u00e9kot is!<\/p>\n\t\t\t\t<\/figcaption>\n\t\t\t<a href=\"https:\/\/happybounce.hu\/happy-oroszlan\/\"><\/a>\n\t\t<\/figure>\n<div class=\"fusion-clearfix\"><\/div>\n<figure class=\"fb-image-hover image-hover-image-zoom-center imagehover-image-zoom-center\" style=\"background-color:rgba(0,198,0,0.72);--background-color:rgba(0,198,0,0.72);\">\n\t<img class=\"image-hover-img\" src=\"https:\/\/happybounce.hu\/wp-content\/uploads\/2020\/03\/happy_jungle_main_640.jpg\" style=\"width:640px;\" \/>\n\t<figcaption class=\"image-hover-img-caption\" style=\"background-color: rgba(0,198,0,0.72);\">\n\t\t\t\t\t<h3 class=\"image-hover-figtitle\" style=\"font-size:20px;color: !important;\">Happy Dzsungel<\/h3>\n\t\t\t\t\t\t\t\t<p class=\"image-hover-figdescription\" style=\"font-size:12px;color: !important;\">N\u00e9zze meg ezt a j\u00e1t\u00e9kot is!<\/p>\n\t\t\t\t<\/figcaption>\n\t\t\t<a href=\"https:\/\/happybounce.hu\/happy-dzsungel\/\"><\/a>\n\t\t<\/figure>\n<div class=\"fusion-clearfix\"><\/div>\n<\/div><\/div><\/div><div class=\"wpb_column vc_column_container vc_col-sm-4\"><div class=\"vc_column-inner\"><div class=\"wpb_wrapper\"><figure class=\"fb-image-hover image-hover-image-zoom-center imagehover-image-zoom-center\" style=\"background-color:rgba(30,115,190,0.72);--background-color:rgba(30,115,190,0.72);\">\n\t<img class=\"image-hover-img\" src=\"https:\/\/happybounce.hu\/wp-content\/uploads\/2020\/03\/happy_ocean_main_640.jpg\" style=\"width:640px;\" \/>\n\t<figcaption class=\"image-hover-img-caption\" style=\"background-color: rgba(30,115,190,0.72);\">\n\t\t\t\t\t<h3 class=\"image-hover-figtitle\" style=\"font-size:20px;color: !important;\">Happy \u00d3ce\u00e1n<\/h3>\n\t\t\t\t\t\t\t\t<p class=\"image-hover-figdescription\" style=\"font-size:12px;color: !important;\">N\u00e9zze meg ezt a j\u00e1t\u00e9kot is!<\/p>\n\t\t\t\t<\/figcaption>\n\t\t\t<a href=\"https:\/\/happybounce.hu\/happy-ocean\/\"><\/a>\n\t\t<\/figure>\n<div class=\"fusion-clearfix\"><\/div>\n<figure class=\"fb-image-hover image-hover-image-zoom-center imagehover-image-zoom-center\" style=\"background-color:rgba(143,32,247,0.72);--background-color:rgba(143,32,247,0.72);\">\n\t<img class=\"image-hover-img\" src=\"https:\/\/happybounce.hu\/wp-content\/uploads\/2023\/01\/L-Firetruck-3.jpg\" style=\"width:320px;\" \/>\n\t<figcaption class=\"image-hover-img-caption\" style=\"background-color: rgba(143,32,247,0.72);\">\n\t\t\t\t\t<h3 class=\"image-hover-figtitle\" style=\"font-size:20px;color: !important;\">Happy T\u0171zolt\u00f3<\/h3>\n\t\t\t\t\t\t\t\t<p class=\"image-hover-figdescription\" style=\"font-size:12px;color: !important;\">Happy T\u0171zolt\u00f3<\/p>\n\t\t\t\t<\/figcaption>\n\t\t\t<a href=\"https:\/\/happybounce.hu\/happy-tuzolto\/\"><\/a>\n\t\t<\/figure>\n<div class=\"fusion-clearfix\"><\/div>\n<\/div><\/div><\/div><div class=\"wpb_column vc_column_container vc_col-sm-4\"><div class=\"vc_column-inner\"><div class=\"wpb_wrapper\"><figure class=\"fb-image-hover image-hover-image-zoom-center imagehover-image-zoom-center\" style=\"background-color:rgba(240,74,35,0.72);--background-color:rgba(240,74,35,0.72);\">\n\t<img class=\"image-hover-img\" src=\"https:\/\/happybounce.hu\/wp-content\/uploads\/2020\/03\/happy_party_main_640.jpg\" style=\"width:640px;\" \/>\n\t<figcaption class=\"image-hover-img-caption\" style=\"background-color: rgba(240,74,35,0.72);\">\n\t\t\t\t\t<h3 class=\"image-hover-figtitle\" style=\"font-size:20px;color: !important;\">Happy Party<\/h3>\n\t\t\t\t\t\t\t\t<p class=\"image-hover-figdescription\" style=\"font-size:12px;color: !important;\">N\u00e9zze meg ezt a j\u00e1t\u00e9kot is!<\/p>\n\t\t\t\t<\/figcaption>\n\t\t\t<a href=\"https:\/\/happybounce.hu\/happy-party\/\"><\/a>\n\t\t<\/figure>\n<div class=\"fusion-clearfix\"><\/div>\n<figure class=\"fb-image-hover image-hover-image-zoom-center imagehover-image-zoom-center\" style=\"background-color:rgba(224,37,234,0.8);--background-color:rgba(224,37,234,0.8);\">\n\t<img class=\"image-hover-img\" src=\"https:\/\/happybounce.hu\/wp-content\/uploads\/2024\/08\/KEP02535-min-scaled.jpg\" style=\"width:640px;\" \/>\n\t<figcaption class=\"image-hover-img-caption\" style=\"background-color: rgba(224,37,234,0.8);\">\n\t\t\t\t\t<h3 class=\"image-hover-figtitle\" style=\"font-size:20px;color: !important;\">Happy Candy<\/h3>\n\t\t\t\t\t\t\t\t<p class=\"image-hover-figdescription\" style=\"font-size:12px;color: !important;\">N\u00e9zze meg ezt a j\u00e1t\u00e9kot is!<\/p>\n\t\t\t\t<\/figcaption>\n\t\t\t<a href=\"https:\/\/happybounce.hu\/happy-candy\/\"><\/a>\n\t\t<\/figure>\n<div class=\"fusion-clearfix\"><\/div>\n<\/div><\/div><\/div><\/div><\/div><\/div><\/div><\/div><\/div><\/div><\/section>\n<\/section>","protected":false},"excerpt":{"rendered":"Fluffy Hawaii Az idei \u00e9v \u00fajdons\u00e1ga remek csal\u00e1di m\u00f3k\u00e1ra ad lehet\u0151s\u00e9get a ny\u00e1ron. A Fluffy Hawaii habparty, ember magass\u00e1g\u00fa habot biztos\u00edt a felf\u00fajt keretek k\u00f6z\u00f6tt, a habk\u00e9pz\u0151 anyag b\u0151rbar\u00e1t \u00e9s a k\u00f6rnyezetre nem k\u00e1ros. A szokv\u00e1nyos ugr\u00e1l\u00f3v\u00e1rakhoz k\u00e9pest haszn\u00e1lata elt\u00e9r\u0151, ez\u00e9rt k\u00e9rj\u00fck figyelmesen olvassa el a tudnival\u00f3kat al\u00e1bb. Felf\u00fajt m\u00e9ret: 4 x 4,5 x 2,9 [...]","protected":false},"author":1,"featured_media":0,"parent":0,"menu_order":0,"comment_status":"closed","ping_status":"closed","template":"page-templates\/template-canvas.php","meta":[],"_links":{"self":[{"href":"https:\/\/happybounce.hu\/en\/wp-json\/wp\/v2\/pages\/2110"}],"collection":[{"href":"https:\/\/happybounce.hu\/en\/wp-json\/wp\/v2\/pages"}],"about":[{"href":"https:\/\/happybounce.hu\/en\/wp-json\/wp\/v2\/types\/page"}],"author":[{"embeddable":true,"href":"https:\/\/happybounce.hu\/en\/wp-json\/wp\/v2\/users\/1"}],"replies":[{"embeddable":true,"href":"https:\/\/happybounce.hu\/en\/wp-json\/wp\/v2\/comments?post=2110"}],"version-history":[{"count":23,"href":"https:\/\/happybounce.hu\/en\/wp-json\/wp\/v2\/pages\/2110\/revisions"}],"predecessor-version":[{"id":2256,"href":"https:\/\/happybounce.hu\/en\/wp-json\/wp\/v2\/pages\/2110\/revisions\/2256"}],"wp:attachment":[{"href":"https:\/\/happybounce.hu\/en\/wp-json\/wp\/v2\/media?parent=2110"}],"curies":[{"name":"wp","href":"https:\/\/api.w.org\/{rel}","templated":true}]}}