{"id":264,"date":"2016-12-19T07:40:48","date_gmt":"2016-12-19T07:40:48","guid":{"rendered":"http:\/\/localhost\/borrow\/?page_id=264"},"modified":"2025-03-21T16:27:59","modified_gmt":"2025-03-21T16:27:59","slug":"kapcsolat","status":"publish","type":"page","link":"https:\/\/happybounce.hu\/en\/kapcsolat\/","title":{"rendered":"Contact"},"content":{"rendered":"<section class=\"wpb-content-wrapper\"><section class=\"wpb_row vc_row-fluid\"><div class=\"row\"><div class=\"wpb_column vc_column_container vc_col-sm-12\"><div class=\"vc_column-inner \"><div class=\"wpb_wrapper \">    <div class=\"slider \" id=\"slider\">\n            <div class=\"student-slider-img\">\n        <img src=\"https:\/\/happybounce.hu\/wp-content\/uploads\/2020\/03\/contact_slider.jpg\" class=\"\" alt=\"\">\n        <div class=\"container\">\n          <div class=\"row\">\n            <div class=\"col-lg-12 col-md-12 col-sm-12 col-xs-12\">\n              <div class=\"slider-captions\">\n                <!-- slider-captions -->\n                                                              <\/div>\n              <!-- \/.slider-captions -->\n            <\/div>\n          <\/div>\n        <\/div>\n      <\/div>\n      \n       \n    <\/div>\n    <script type=\"text\/javascript\">\n      (function($) {\n        $(document).on('ready', function() {\n            \"use strict\";\n              $(\"#slider\").owlCarousel({\n              navigation: true, \/\/ Show next and prev buttons\n              slideSpeed: 3000,\n              paginationSpeed: 400,\n              singleItem: true,\n              pagination: true,\n                            autoPlay: 5000,\n              navigationText: [\"<i class='fa fa-angle-left'><\/i>\", \"<i class='fa fa-angle-right'><\/i>\"],\n              addClassActive: true,\n             });\n        });\n        })(jQuery);\n    <\/script>\n  <\/div><\/div><\/div><\/div><\/section><section class=\"wpb_row vc_row-fluid vc_custom_1584235306554\"><div class=\"container\"><div class=\"row\"><div class=\"wpb_column vc_column_container vc_col-sm-12\"><div class=\"vc_column-inner \"><div class=\"wpb_wrapper \" style=\"background-color: #ffffff \" ><div class=\"wrapper-content pinside40 \"><div class=\"vc_row wpb_row vc_inner vc_row-fluid\"><div class=\"wpb_column vc_column_container vc_col-sm-8 vc_col-lg-offset-2 vc_col-md-offset-2\"><div class=\"vc_column-inner vc_custom_1482134244533\"><div class=\"wpb_wrapper\">\t\n\t<h1 class=\"\" style=\"text-align: center;color: #884488;\" > Forduljon hozz\u00e1nk bizalommal!<\/h1>\t\n\n\t<div class=\"wpb_text_column wpb_content_element  vc_custom_1583098616842\" >\n\t\t<div class=\"wpb_wrapper\">\n\t\t\t<p style=\"text-align: center;\">K\u00e9rj\u00fck t\u00f6ltse ki az al\u00e1bbi \u0171rlapot, vagy v\u00e1lasszon a lenti el\u00e9rhet\u0151s\u00e9geink k\u00f6z\u00fcl.<\/p>\n\n\t\t<\/div>\n\t<\/div>\n<\/div><\/div><\/div><div class=\"wpb_column vc_column_container vc_col-sm-12\"><div class=\"vc_column-inner vc_custom_1482134684269\"><div class=\"wpb_wrapper\">\n<div class=\"wpcf7 no-js\" id=\"wpcf7-f1560-o1\" lang=\"hu-HU\" dir=\"ltr\">\n<div class=\"screen-reader-response\"><p role=\"status\" aria-live=\"polite\" aria-atomic=\"true\"><\/p> <ul><\/ul><\/div>\n<form action=\"\/en\/wp-json\/wp\/v2\/pages\/264#wpcf7-f1560-o1\" method=\"post\" class=\"wpcf7-form init\" aria-label=\"Kapcsolatfelv\u00e9teli \u0171rlap\" novalidate=\"novalidate\" data-status=\"init\">\n<div style=\"display: none;\">\n<input type=\"hidden\" name=\"_wpcf7\" value=\"1560\" \/>\n<input type=\"hidden\" name=\"_wpcf7_version\" value=\"5.7.7\" \/>\n<input type=\"hidden\" name=\"_wpcf7_locale\" value=\"hu_HU\" \/>\n<input type=\"hidden\" name=\"_wpcf7_unit_tag\" value=\"wpcf7-f1560-o1\" \/>\n<input type=\"hidden\" name=\"_wpcf7_container_post\" value=\"0\" \/>\n<input type=\"hidden\" name=\"_wpcf7_posted_data_hash\" value=\"\" \/>\n<input type=\"hidden\" name=\"_wpcf7_recaptcha_response\" value=\"\" \/>\n<\/div>\n<div class=\"row\">\n\t<div class=\"col-md-4 col-sm-12 col-xs-12\">\n\t\t<div class=\"form-group\">\n\t\t\t<p><label class=\"sr-only control-label\" for=\"your-name\">Name<\/label><span class=\"wpcf7-form-control-wrap\" data-name=\"your-name\"><input size=\"40\" class=\"wpcf7-form-control wpcf7-text wpcf7-validates-as-required form-control input-md\" id=\"name\" aria-required=\"true\" aria-invalid=\"false\" placeholder=\"N\u00e9v\" value=\"\" type=\"text\" name=\"your-name\" \/><\/span>\n\t\t\t<\/p>\n\t\t<\/div>\n\t<\/div>\n\t<div class=\"col-md-4 col-sm-12 col-xs-12\">\n\t\t<div class=\"form-group\">\n\t\t\t<p><label class=\"sr-only control-label\" for=\"email\">Email<\/label><span class=\"wpcf7-form-control-wrap\" data-name=\"email\"><input size=\"40\" class=\"wpcf7-form-control wpcf7-text wpcf7-email wpcf7-validates-as-required wpcf7-validates-as-email form-control input-md\" id=\"email\" aria-required=\"true\" aria-invalid=\"false\" placeholder=\"Email c\u00edm\" value=\"\" type=\"email\" name=\"email\" \/><\/span>\n\t\t\t<\/p>\n\t\t<\/div>\n\t<\/div>\n\t<div class=\"col-md-4 col-sm-12 col-xs-12\">\n\t\t<div class=\"form-group\">\n\t\t\t<p><label class=\"sr-only control-label\" for=\"phone\">Phone<\/label><span class=\"wpcf7-form-control-wrap\" data-name=\"phone\"><input size=\"40\" class=\"wpcf7-form-control wpcf7-text wpcf7-validates-as-required form-control input-md\" id=\"phone\" aria-required=\"true\" aria-invalid=\"false\" placeholder=\"Telefonsz\u00e1m\" value=\"\" type=\"text\" name=\"phone\" \/><\/span>\n\t\t\t<\/p>\n\t\t<\/div>\n\t<\/div>\n\t<div class=\"col-md-12 col-xs-12\">\n\t\t<div class=\"form-group\">\n\t\t\t<p><label class=\"control-label\" for=\"message\"> <\/label><br \/>\n<span class=\"wpcf7-form-control-wrap\" data-name=\"message\"><textarea cols=\"40\" rows=\"7\" class=\"wpcf7-form-control wpcf7-textarea wpcf7-validates-as-required form-control\" id=\"message\" aria-required=\"true\" aria-invalid=\"false\" placeholder=\"Miben tudunk seg\u00edteni?\" name=\"message\"><\/textarea><\/span>\n\t\t\t<\/p>\n\t\t<\/div>\n\t<\/div>\n\t<div class=\"col-md-12 col-xs-12\">\n\t\t<p><input class=\"wpcf7-form-control has-spinner wpcf7-submit btn btn-default\" type=\"submit\" value=\"K\u00fcld\u00e9s\" \/>\n\t\t<\/p>\n\t<\/div>\n<\/div><div class=\"wpcf7-response-output\" aria-hidden=\"true\"><\/div>\n<\/form>\n<\/div>\n<\/div><\/div><\/div><div class=\"wpb_column vc_column_container vc_col-sm-12\"><div class=\"vc_column-inner vc_custom_1482134711588\"><div class=\"wpb_wrapper\">\t\n\t<h1 class=\"\" style=\"text-align: center;color: #884488;\" > Tov\u00e1bbi k\u00e9rd\u00e9sei vannak?<\/h1>\t\n\n\t<div class=\"wpb_text_column wpb_content_element  vc_custom_1583098479445\" >\n\t\t<div class=\"wpb_wrapper\">\n\t\t\t<p class=\"lead\" style=\"text-align: center;\">Forduljon hozz\u00e1nk bizalommal!<\/p>\n\n\t\t<\/div>\n\t<\/div>\n<\/div><\/div><\/div><div class=\"wpb_column vc_column_container vc_col-sm-4\"><div class=\"vc_column-inner vc_custom_1482134795637\"><div class=\"wpb_wrapper\">  <div class=\"bg-white bg-boxshadow pinside40 outline text-center mb30\">\n    <div class=\"mb40\"><i class=\"icon-briefcase  icon-2x icon-default\"><\/i><\/div>\n    <h2 class=\"capital-title\">Happy Bounce Bt.<\/h2>        <p>2097 Pilisborosjen\u0151,<br \/>\nKendermag utca 8\/2.<\/p>\n      <\/div>\n<\/div><\/div><\/div><div class=\"wpb_column vc_column_container vc_col-sm-4\"><div class=\"vc_column-inner vc_custom_1482134803127\"><div class=\"wpb_wrapper\">  <div class=\"bg-white bg-boxshadow pinside40 outline text-center mb30\">\n    <div class=\"mb40\"><i class=\"icon-phone-call  icon-2x icon-default\"><\/i><\/div>\n    <h2 class=\"capital-title\">H\u00edvjon minket bizalommal<\/h2>        <p>Telefonsz\u00e1munk: +36 20 208 6936<\/p>\n      <\/div>\n<\/div><\/div><\/div><div class=\"wpb_column vc_column_container vc_col-sm-4\"><div class=\"vc_column-inner\"><div class=\"wpb_wrapper\">  <div class=\"bg-white bg-boxshadow pinside40 outline text-center mb30\">\n    <div class=\"mb40\"><i class=\"icon-letter  icon-2x icon-default\"><\/i><\/div>\n    <h2 class=\"capital-title\">Email c\u00edm\u00fcnk<\/h2>        <p><a href=\"mailto:info@happybounce.hu\">info[kukac]happybounce.hu<\/a><\/p>\n      <\/div>\n<\/div><\/div><\/div><div class=\"wpb_column vc_column_container vc_col-sm-12\"><div class=\"vc_column-inner\"><div class=\"wpb_wrapper\"><div class=\"wpb_gmaps_widget wpb_content_element\"><div class=\"wpb_wrapper\"><div class=\"wpb_map_wraper\"><iframe src=\"https:\/\/www.google.com\/maps\/embed?pb=!1m18!1m12!1m3!1d565.5399072611536!2d18.995249424045394!3d47.60326099178789!2m3!1f0!2f0!3f0!3m2!1i1024!2i768!4f13.1!3m3!1m2!1s0x4741d9680f046a7b%3A0x83dae1bfec6be28f!2sHappy%20Bounce%20Bt.!5e0!3m2!1sen!2sus!4v1587961018973!5m2!1sen!2sus\" width=\"600\" height=\"550\" frameborder=\"0\" style=\"border:0;\" allowfullscreen=\"\" aria-hidden=\"false\" tabindex=\"0\"><\/iframe><\/div><\/div><\/div><\/div><\/div><\/div><\/div><\/div><\/div><\/div><\/div><\/div><\/div><\/section><section class=\"wpb_row vc_row-fluid\"><div class=\"container\"><div class=\"row\"><div class=\"wpb_column vc_column_container vc_col-sm-12\"><div class=\"vc_column-inner \"><div class=\"wpb_wrapper \"><\/div><\/div><\/div><\/div><\/div><\/section>\n<\/section>","protected":false},"excerpt":{"rendered":"Forduljon hozz\u00e1nk bizalommal! K\u00e9rj\u00fck t\u00f6ltse ki az al\u00e1bbi \u0171rlapot, vagy v\u00e1lasszon a lenti el\u00e9rhet\u0151s\u00e9geink k\u00f6z\u00fcl. Name Email Phone Tov\u00e1bbi k\u00e9rd\u00e9sei vannak? Forduljon hozz\u00e1nk bizalommal! Happy Bounce Bt. 2097 Pilisborosjen\u0151, Kendermag utca 8\/2. H\u00edvjon minket bizalommal Telefonsz\u00e1munk: +36 20 208 6936 Email c\u00edm\u00fcnk info[kukac]happybounce.hu","protected":false},"author":1,"featured_media":0,"parent":0,"menu_order":0,"comment_status":"closed","ping_status":"closed","template":"page-templates\/template-canvas.php","meta":[],"_links":{"self":[{"href":"https:\/\/happybounce.hu\/en\/wp-json\/wp\/v2\/pages\/264"}],"collection":[{"href":"https:\/\/happybounce.hu\/en\/wp-json\/wp\/v2\/pages"}],"about":[{"href":"https:\/\/happybounce.hu\/en\/wp-json\/wp\/v2\/types\/page"}],"author":[{"embeddable":true,"href":"https:\/\/happybounce.hu\/en\/wp-json\/wp\/v2\/users\/1"}],"replies":[{"embeddable":true,"href":"https:\/\/happybounce.hu\/en\/wp-json\/wp\/v2\/comments?post=264"}],"version-history":[{"count":20,"href":"https:\/\/happybounce.hu\/en\/wp-json\/wp\/v2\/pages\/264\/revisions"}],"predecessor-version":[{"id":2225,"href":"https:\/\/happybounce.hu\/en\/wp-json\/wp\/v2\/pages\/264\/revisions\/2225"}],"wp:attachment":[{"href":"https:\/\/happybounce.hu\/en\/wp-json\/wp\/v2\/media?parent=264"}],"curies":[{"name":"wp","href":"https:\/\/api.w.org\/{rel}","templated":true}]}}